{"id":86,"date":"2018-03-28T12:45:51","date_gmt":"2018-03-28T12:45:51","guid":{"rendered":"http:\/\/master-filmkultur.de\/?page_id=86"},"modified":"2020-02-05T14:21:23","modified_gmt":"2020-02-05T14:21:23","slug":"schaufenster","status":"publish","type":"page","link":"https:\/\/master-filmkultur.de\/en\/schaufenster\/","title":{"rendered":"Projects"},"content":{"rendered":"\r\n\r\n\r\n\r\n\r\n\r\n\r\n<h3 class=\"wp-block-heading\" id=\"mce_19\">Workshop Talks: Previous Editions<\/h3>\r\n\r\n\r\n\r\n<p><a href=\"https:\/\/master-filmkultur.de\/medien\/2019\/04\/Flyer_Werkstattgespraeche2019_web.pdf\" target=\"_blank\" rel=\"noopener noreferrer\">Zirkulation. Werkstattgespr\u00e4che zu Wegen, Waren und Wissen der Filmkultur (2019)<\/a><\/p>\r\n<p><a href=\"http:\/\/master-filmkultur.de\/medien\/2018\/04\/Flyer_Werkstattgespraeche_WEB.pdf\" target=\"_blank\" rel=\"noreferrer noopener\" aria-label=\" (\u00f6ffnet in neuem Tab)\">pioneering filmkultur. Werkstattgespr\u00e4che zu Auf- und Umbr\u00fcchen in der Filmkultur (2018)<\/a><\/p>\r\n\r\n\r\n\r\n<p><a href=\"http:\/\/master-filmkultur.de\/medien\/2018\/05\/Kontext-Kino_Werkstattgespraeche-zur-Filmkultur_2015.pdf\" target=\"_blank\" rel=\"noreferrer noopener\" aria-label=\" (\u00f6ffnet in neuem Tab)\">Kontext Kino: Werkstattgespr\u00e4che zur Filmkultur (2015\/16)<\/a><\/p>\r\n\r\n\r\n\r\n<p><a href=\"http:\/\/master-filmkultur.de\/medien\/2018\/05\/dfm_flyer_ringvorlesung_filmkultur.pdf\" target=\"_blank\" rel=\"noreferrer noopener\" aria-label=\" (\u00f6ffnet in neuem Tab)\">Institutionen der Filmkultur: Werkstattgespr\u00e4che (2013\/14)<\/a><\/p>\r\n\r\n\r\n\r\n<h3 class=\"wp-block-heading\">Conferences, Symposia<\/h3>\r\n\r\n\r\n\r\n<p><a href=\"http:\/\/elviranotarisymposium.de\" target=\"_blank\" rel=\"noreferrer noopener\">ECHOES OF PARTHENOPE Elvira Notari\u2019s Cinema and Neapolitan Popular Culture (2017)<\/a><\/p>\r\n\r\n\r\n\r\n<div class=\"wp-block-image\">\r\n<figure class=\"alignleft\"><img loading=\"lazy\" decoding=\"async\"   class=\"wp-image-278\" src=\"http:\/\/master-filmkultur.de\/medien\/2018\/05\/P1050541-1200x800.jpg\" alt=\"\" srcset=\"https:\/\/master-filmkultur.de\/medien\/2018\/05\/P1050541-1200x800.jpg 1200w, https:\/\/master-filmkultur.de\/medien\/2018\/05\/P1050541-450x300.jpg 450w, https:\/\/master-filmkultur.de\/medien\/2018\/05\/P1050541-700x467.jpg 700w, https:\/\/master-filmkultur.de\/medien\/2018\/05\/P1050541-768x512.jpg 768w, https:\/\/master-filmkultur.de\/medien\/2018\/05\/P1050541-1920x1280.jpg 1920w\" sizes=\"(max-width: 1200px) 100vw, 1200px\" \/><\/figure>\r\n<\/div>\r\n\r\n\r\n\r\n<p><a href=\"https:\/\/thinkfilmsymposium.wordpress.com\" target=\"_blank\" rel=\"noreferrer noopener\">Think Film! A Student Symposium on Communicating Film and its Problems in the 21. Century (2017)<\/a><\/p>\r\n\r\n\r\n\r\n<p>&nbsp;<\/p>\r\n","protected":false},"excerpt":{"rendered":"<p>Workshop Talks: Previous Editions Zirkulation. Werkstattgespr\u00e4che zu Wegen, Waren und Wissen der Filmkultur (2019) pioneering filmkultur. Werkstattgespr\u00e4che zu Auf- und Umbr\u00fcchen in der Filmkultur (2018) Kontext Kino: Werkstattgespr\u00e4che zur Filmkultur (2015\/16) Institutionen der Filmkultur: Werkstattgespr\u00e4che (2013\/14) Conferences, Symposia ECHOES OF PARTHENOPE Elvira Notari\u2019s Cinema and Neapolitan Popular Culture (2017) Think Film! A Student Symposium on [&hellip;]<\/p>\n","protected":false},"author":2,"featured_media":0,"parent":0,"menu_order":8,"comment_status":"closed","ping_status":"closed","template":"","meta":{"_acf_changed":false,"footnotes":""},"class_list":["post-86","page","type-page","status-publish","hentry"],"acf":[],"yoast_head":"<!-- This site is optimized with the Yoast SEO plugin v24.3 - https:\/\/yoast.com\/wordpress\/plugins\/seo\/ -->\n<title>Projects - Master Filmkultur<\/title>\n<meta name=\"robots\" content=\"index, follow, max-snippet:-1, max-image-preview:large, max-video-preview:-1\" \/>\n<link rel=\"canonical\" href=\"https:\/\/master-filmkultur.de\/schaufenster\/\" \/>\n<meta property=\"og:locale\" content=\"en_US\" \/>\n<meta property=\"og:type\" content=\"article\" \/>\n<meta property=\"og:title\" content=\"Projects - Master Filmkultur\" \/>\n<meta property=\"og:description\" content=\"Workshop Talks: Previous Editions Zirkulation. Werkstattgespr\u00e4che zu Wegen, Waren und Wissen der Filmkultur (2019) pioneering filmkultur. Werkstattgespr\u00e4che zu Auf- und Umbr\u00fcchen in der Filmkultur (2018) Kontext Kino: Werkstattgespr\u00e4che zur Filmkultur (2015\/16) Institutionen der Filmkultur: Werkstattgespr\u00e4che (2013\/14) Conferences, Symposia ECHOES OF PARTHENOPE Elvira Notari\u2019s Cinema and Neapolitan Popular Culture (2017) Think Film! A Student Symposium on [&hellip;]\" \/>\n<meta property=\"og:url\" content=\"https:\/\/master-filmkultur.de\/schaufenster\/\" \/>\n<meta property=\"og:site_name\" content=\"Master Filmkultur\" \/>\n<meta property=\"article:modified_time\" content=\"2020-02-05T14:21:23+00:00\" \/>\n<meta property=\"og:image\" content=\"https:\/\/master-filmkultur.de\/medien\/2018\/05\/P1050541.jpg\" \/>\n\t<meta property=\"og:image:width\" content=\"2845\" \/>\n\t<meta property=\"og:image:height\" content=\"1897\" \/>\n\t<meta property=\"og:image:type\" content=\"image\/jpeg\" \/>\n<meta name=\"twitter:card\" content=\"summary_large_image\" \/>\n<script type=\"application\/ld+json\" class=\"yoast-schema-graph\">{\"@context\":\"https:\/\/schema.org\",\"@graph\":[{\"@type\":\"WebPage\",\"@id\":\"https:\/\/master-filmkultur.de\/schaufenster\/\",\"url\":\"https:\/\/master-filmkultur.de\/schaufenster\/\",\"name\":\"Projects - Master Filmkultur\",\"isPartOf\":{\"@id\":\"https:\/\/master-filmkultur.de\/#website\"},\"primaryImageOfPage\":{\"@id\":\"https:\/\/master-filmkultur.de\/schaufenster\/#primaryimage\"},\"image\":{\"@id\":\"https:\/\/master-filmkultur.de\/schaufenster\/#primaryimage\"},\"thumbnailUrl\":\"http:\/\/master-filmkultur.de\/medien\/2018\/05\/P1050541-1200x800.jpg\",\"datePublished\":\"2018-03-28T12:45:51+00:00\",\"dateModified\":\"2020-02-05T14:21:23+00:00\",\"breadcrumb\":{\"@id\":\"https:\/\/master-filmkultur.de\/schaufenster\/#breadcrumb\"},\"inLanguage\":\"en-US\",\"potentialAction\":[{\"@type\":\"ReadAction\",\"target\":[\"https:\/\/master-filmkultur.de\/schaufenster\/\"]}]},{\"@type\":\"ImageObject\",\"inLanguage\":\"en-US\",\"@id\":\"https:\/\/master-filmkultur.de\/schaufenster\/#primaryimage\",\"url\":\"http:\/\/master-filmkultur.de\/medien\/2018\/05\/P1050541-1200x800.jpg\",\"contentUrl\":\"http:\/\/master-filmkultur.de\/medien\/2018\/05\/P1050541-1200x800.jpg\"},{\"@type\":\"BreadcrumbList\",\"@id\":\"https:\/\/master-filmkultur.de\/schaufenster\/#breadcrumb\",\"itemListElement\":[{\"@type\":\"ListItem\",\"position\":1,\"name\":\"Startseite\",\"item\":\"https:\/\/master-filmkultur.de\/\"},{\"@type\":\"ListItem\",\"position\":2,\"name\":\"Projects\"}]},{\"@type\":\"WebSite\",\"@id\":\"https:\/\/master-filmkultur.de\/#website\",\"url\":\"https:\/\/master-filmkultur.de\/\",\"name\":\"Master Filmkultur\",\"description\":\"\",\"publisher\":{\"@id\":\"https:\/\/master-filmkultur.de\/#organization\"},\"potentialAction\":[{\"@type\":\"SearchAction\",\"target\":{\"@type\":\"EntryPoint\",\"urlTemplate\":\"https:\/\/master-filmkultur.de\/?s={search_term_string}\"},\"query-input\":{\"@type\":\"PropertyValueSpecification\",\"valueRequired\":true,\"valueName\":\"search_term_string\"}}],\"inLanguage\":\"en-US\"},{\"@type\":\"Organization\",\"@id\":\"https:\/\/master-filmkultur.de\/#organization\",\"name\":\"DFF \u2013 Deutsches Filminstitut & Filmmuseum e.V.\",\"url\":\"https:\/\/master-filmkultur.de\/\",\"logo\":{\"@type\":\"ImageObject\",\"inLanguage\":\"en-US\",\"@id\":\"https:\/\/master-filmkultur.de\/#\/schema\/logo\/image\/\",\"url\":\"https:\/\/master-filmkultur.de\/medien\/2022\/02\/cropped-dff-512x512px.png\",\"contentUrl\":\"https:\/\/master-filmkultur.de\/medien\/2022\/02\/cropped-dff-512x512px.png\",\"width\":512,\"height\":512,\"caption\":\"DFF \u2013 Deutsches Filminstitut & Filmmuseum e.V.\"},\"image\":{\"@id\":\"https:\/\/master-filmkultur.de\/#\/schema\/logo\/image\/\"}}]}<\/script>\n<!-- \/ Yoast SEO plugin. -->","yoast_head_json":{"title":"Projects - Master Filmkultur","robots":{"index":"index","follow":"follow","max-snippet":"max-snippet:-1","max-image-preview":"max-image-preview:large","max-video-preview":"max-video-preview:-1"},"canonical":"https:\/\/master-filmkultur.de\/schaufenster\/","og_locale":"en_US","og_type":"article","og_title":"Projects - Master Filmkultur","og_description":"Workshop Talks: Previous Editions Zirkulation. Werkstattgespr\u00e4che zu Wegen, Waren und Wissen der Filmkultur (2019) pioneering filmkultur. Werkstattgespr\u00e4che zu Auf- und Umbr\u00fcchen in der Filmkultur (2018) Kontext Kino: Werkstattgespr\u00e4che zur Filmkultur (2015\/16) Institutionen der Filmkultur: Werkstattgespr\u00e4che (2013\/14) Conferences, Symposia ECHOES OF PARTHENOPE Elvira Notari\u2019s Cinema and Neapolitan Popular Culture (2017) Think Film! A Student Symposium on [&hellip;]","og_url":"https:\/\/master-filmkultur.de\/schaufenster\/","og_site_name":"Master Filmkultur","article_modified_time":"2020-02-05T14:21:23+00:00","og_image":[{"width":2845,"height":1897,"url":"https:\/\/master-filmkultur.de\/medien\/2018\/05\/P1050541.jpg","type":"image\/jpeg"}],"twitter_card":"summary_large_image","schema":{"@context":"https:\/\/schema.org","@graph":[{"@type":"WebPage","@id":"https:\/\/master-filmkultur.de\/schaufenster\/","url":"https:\/\/master-filmkultur.de\/schaufenster\/","name":"Projects - Master Filmkultur","isPartOf":{"@id":"https:\/\/master-filmkultur.de\/#website"},"primaryImageOfPage":{"@id":"https:\/\/master-filmkultur.de\/schaufenster\/#primaryimage"},"image":{"@id":"https:\/\/master-filmkultur.de\/schaufenster\/#primaryimage"},"thumbnailUrl":"http:\/\/master-filmkultur.de\/medien\/2018\/05\/P1050541-1200x800.jpg","datePublished":"2018-03-28T12:45:51+00:00","dateModified":"2020-02-05T14:21:23+00:00","breadcrumb":{"@id":"https:\/\/master-filmkultur.de\/schaufenster\/#breadcrumb"},"inLanguage":"en-US","potentialAction":[{"@type":"ReadAction","target":["https:\/\/master-filmkultur.de\/schaufenster\/"]}]},{"@type":"ImageObject","inLanguage":"en-US","@id":"https:\/\/master-filmkultur.de\/schaufenster\/#primaryimage","url":"http:\/\/master-filmkultur.de\/medien\/2018\/05\/P1050541-1200x800.jpg","contentUrl":"http:\/\/master-filmkultur.de\/medien\/2018\/05\/P1050541-1200x800.jpg"},{"@type":"BreadcrumbList","@id":"https:\/\/master-filmkultur.de\/schaufenster\/#breadcrumb","itemListElement":[{"@type":"ListItem","position":1,"name":"Startseite","item":"https:\/\/master-filmkultur.de\/"},{"@type":"ListItem","position":2,"name":"Projects"}]},{"@type":"WebSite","@id":"https:\/\/master-filmkultur.de\/#website","url":"https:\/\/master-filmkultur.de\/","name":"Master Filmkultur","description":"","publisher":{"@id":"https:\/\/master-filmkultur.de\/#organization"},"potentialAction":[{"@type":"SearchAction","target":{"@type":"EntryPoint","urlTemplate":"https:\/\/master-filmkultur.de\/?s={search_term_string}"},"query-input":{"@type":"PropertyValueSpecification","valueRequired":true,"valueName":"search_term_string"}}],"inLanguage":"en-US"},{"@type":"Organization","@id":"https:\/\/master-filmkultur.de\/#organization","name":"DFF \u2013 Deutsches Filminstitut & Filmmuseum e.V.","url":"https:\/\/master-filmkultur.de\/","logo":{"@type":"ImageObject","inLanguage":"en-US","@id":"https:\/\/master-filmkultur.de\/#\/schema\/logo\/image\/","url":"https:\/\/master-filmkultur.de\/medien\/2022\/02\/cropped-dff-512x512px.png","contentUrl":"https:\/\/master-filmkultur.de\/medien\/2022\/02\/cropped-dff-512x512px.png","width":512,"height":512,"caption":"DFF \u2013 Deutsches Filminstitut & Filmmuseum e.V."},"image":{"@id":"https:\/\/master-filmkultur.de\/#\/schema\/logo\/image\/"}}]}},"_links":{"self":[{"href":"https:\/\/master-filmkultur.de\/en\/wp-json\/wp\/v2\/pages\/86"}],"collection":[{"href":"https:\/\/master-filmkultur.de\/en\/wp-json\/wp\/v2\/pages"}],"about":[{"href":"https:\/\/master-filmkultur.de\/en\/wp-json\/wp\/v2\/types\/page"}],"author":[{"embeddable":true,"href":"https:\/\/master-filmkultur.de\/en\/wp-json\/wp\/v2\/users\/2"}],"replies":[{"embeddable":true,"href":"https:\/\/master-filmkultur.de\/en\/wp-json\/wp\/v2\/comments?post=86"}],"version-history":[{"count":14,"href":"https:\/\/master-filmkultur.de\/en\/wp-json\/wp\/v2\/pages\/86\/revisions"}],"predecessor-version":[{"id":562,"href":"https:\/\/master-filmkultur.de\/en\/wp-json\/wp\/v2\/pages\/86\/revisions\/562"}],"wp:attachment":[{"href":"https:\/\/master-filmkultur.de\/en\/wp-json\/wp\/v2\/media?parent=86"}],"curies":[{"name":"wp","href":"https:\/\/api.w.org\/{rel}","templated":true}]}}